{"id":73,"date":"2023-04-11T10:15:02","date_gmt":"2023-04-11T10:15:02","guid":{"rendered":"http:\/\/stannahof.at\/?page_id=73"},"modified":"2023-06-12T15:03:46","modified_gmt":"2023-06-12T15:03:46","slug":"haus-am-stoa","status":"publish","type":"page","link":"http:\/\/stannahof.at\/index.php\/haus-am-stoa\/","title":{"rendered":"HAUS AM STOA"},"content":{"rendered":"\n<div style=\"height:40px\" aria-hidden=\"true\" class=\"wp-block-spacer\"><\/div>\n\n\n\n<div class=\"wp-block-media-text alignwide is-stacked-on-mobile is-vertically-aligned-center is-image-fill\" style=\"grid-template-columns:56% auto\"><figure class=\"wp-block-media-text__media\" style=\"background-image:url(http:\/\/stannahof.at\/wp-content\/uploads\/2023\/04\/DSC3179-1-edited-1-1024x640.jpg);background-position:50% 50%\"><img loading=\"lazy\" decoding=\"async\" width=\"1024\" height=\"640\" src=\"http:\/\/stannahof.at\/wp-content\/uploads\/2023\/04\/DSC3179-1-edited-1-1024x640.jpg\" alt=\"\" class=\"wp-image-589 size-full\" srcset=\"http:\/\/stannahof.at\/wp-content\/uploads\/2023\/04\/DSC3179-1-edited-1-1024x640.jpg 1024w, http:\/\/stannahof.at\/wp-content\/uploads\/2023\/04\/DSC3179-1-edited-1-300x188.jpg 300w, http:\/\/stannahof.at\/wp-content\/uploads\/2023\/04\/DSC3179-1-edited-1-768x480.jpg 768w, http:\/\/stannahof.at\/wp-content\/uploads\/2023\/04\/DSC3179-1-edited-1-1536x960.jpg 1536w, http:\/\/stannahof.at\/wp-content\/uploads\/2023\/04\/DSC3179-1-edited-1-1140x713.jpg 1140w, http:\/\/stannahof.at\/wp-content\/uploads\/2023\/04\/DSC3179-1-edited-1.jpg 2000w\" sizes=\"(max-width: 1024px) 100vw, 1024px\" \/><\/figure><div class=\"wp-block-media-text__content\">\n<div style=\"height:22px\" aria-hidden=\"true\" class=\"wp-block-spacer\"><\/div>\n\n\n\n<p class=\"has-text-align-justify has-text-color\" style=\"color:#000000;font-size:17px\">Das Haus am Stoa hat ca. 100 m2 und brilliert mit seiner einzigartigen Lage. Das Haus ist modern eingerichtet. Im Erdgescho\u00df befinden sich Wohnraumk\u00fcche, Vorzimmer und Badezimmer mit WC. Im Obergescho\u00df sind der Schlafraum und eine Ruheecke zum gem\u00fctlichen Entspannen.&nbsp;<br><\/p>\n\n\n\n<div style=\"height:20px\" aria-hidden=\"true\" class=\"wp-block-spacer\"><\/div>\n\n\n\n<p class=\"has-text-color\" style=\"color:#253120\"><strong><mark style=\"background-color:rgba(0, 0, 0, 0)\" class=\"has-inline-color has-black-color\">AB 80\u20ac PRO NACHT\/FAMILIE<\/mark><\/strong><\/p>\n\n\n\n<div style=\"height:20px\" aria-hidden=\"true\" class=\"wp-block-spacer\"><\/div>\n\n\n\n<div class=\"wp-block-buttons is-layout-flex wp-block-buttons-is-layout-flex\">\n<div class=\"wp-block-button is-style-outline\"><a class=\"wp-block-button__link wp-element-button\" href=\"http:\/\/stannahof.at\/index.php\/anfragen\/\">JETZT ANFRAGEN<\/a><\/div>\n<\/div>\n<\/div><\/div>\n\n\n\n<div style=\"height:70px\" aria-hidden=\"true\" class=\"wp-block-spacer\"><\/div>\n\n\n\n<div class=\"wp-block-jetpack-tiled-gallery aligncenter is-style-rectangular\"><div class=\"tiled-gallery__gallery\"><div class=\"tiled-gallery__row\"><div class=\"tiled-gallery__col\" style=\"flex-basis:23.56797%\"><figure class=\"tiled-gallery__item\"><img decoding=\"async\" srcset=\"https:\/\/i2.wp.com\/stannahof.at\/wp-content\/uploads\/2023\/04\/DSC3207-1-683x1024.jpg?strip=info&#038;w=600 600w,https:\/\/i2.wp.com\/stannahof.at\/wp-content\/uploads\/2023\/04\/DSC3207-1-683x1024.jpg?strip=info&#038;w=900 900w,https:\/\/i2.wp.com\/stannahof.at\/wp-content\/uploads\/2023\/04\/DSC3207-1-683x1024.jpg?strip=info&#038;w=1200 1200w,https:\/\/i2.wp.com\/stannahof.at\/wp-content\/uploads\/2023\/04\/DSC3207-1-683x1024.jpg?strip=info&#038;w=1500 1500w,https:\/\/i2.wp.com\/stannahof.at\/wp-content\/uploads\/2023\/04\/DSC3207-1-683x1024.jpg?strip=info&#038;w=1707 1707w\" alt=\"\" data-height=\"2560\" data-id=\"30\" data-link=\"http:\/\/stannahof.at\/_dsc3207-2\/\" data-url=\"http:\/\/stannahof.at\/wp-content\/uploads\/2023\/04\/DSC3207-1-683x1024.jpg\" data-width=\"1707\" src=\"https:\/\/i2.wp.com\/stannahof.at\/wp-content\/uploads\/2023\/04\/DSC3207-1-683x1024.jpg\" data-amp-layout=\"responsive\"\/><\/figure><\/div><div class=\"tiled-gallery__col\" style=\"flex-basis:52.86406%\"><figure class=\"tiled-gallery__item\"><img decoding=\"async\" srcset=\"https:\/\/i1.wp.com\/stannahof.at\/wp-content\/uploads\/2023\/04\/DSC3226-1024x683.jpg?strip=info&#038;w=600 600w,https:\/\/i1.wp.com\/stannahof.at\/wp-content\/uploads\/2023\/04\/DSC3226-1024x683.jpg?strip=info&#038;w=900 900w,https:\/\/i1.wp.com\/stannahof.at\/wp-content\/uploads\/2023\/04\/DSC3226-1024x683.jpg?strip=info&#038;w=1200 1200w,https:\/\/i1.wp.com\/stannahof.at\/wp-content\/uploads\/2023\/04\/DSC3226-1024x683.jpg?strip=info&#038;w=1500 1500w,https:\/\/i1.wp.com\/stannahof.at\/wp-content\/uploads\/2023\/04\/DSC3226-1024x683.jpg?strip=info&#038;w=1800 1800w,https:\/\/i1.wp.com\/stannahof.at\/wp-content\/uploads\/2023\/04\/DSC3226-1024x683.jpg?strip=info&#038;w=2000 2000w\" alt=\"\" data-height=\"1707\" data-id=\"18\" data-link=\"http:\/\/stannahof.at\/_dsc3226\/\" data-url=\"http:\/\/stannahof.at\/wp-content\/uploads\/2023\/04\/DSC3226-1024x683.jpg\" data-width=\"2560\" src=\"https:\/\/i1.wp.com\/stannahof.at\/wp-content\/uploads\/2023\/04\/DSC3226-1024x683.jpg\" data-amp-layout=\"responsive\"\/><\/figure><\/div><div class=\"tiled-gallery__col\" style=\"flex-basis:23.56797%\"><figure class=\"tiled-gallery__item\"><img decoding=\"async\" srcset=\"https:\/\/i2.wp.com\/stannahof.at\/wp-content\/uploads\/2023\/04\/DSC3236-683x1024.jpg?strip=info&#038;w=600 600w,https:\/\/i2.wp.com\/stannahof.at\/wp-content\/uploads\/2023\/04\/DSC3236-683x1024.jpg?strip=info&#038;w=900 900w,https:\/\/i2.wp.com\/stannahof.at\/wp-content\/uploads\/2023\/04\/DSC3236-683x1024.jpg?strip=info&#038;w=1200 1200w,https:\/\/i2.wp.com\/stannahof.at\/wp-content\/uploads\/2023\/04\/DSC3236-683x1024.jpg?strip=info&#038;w=1500 1500w,https:\/\/i2.wp.com\/stannahof.at\/wp-content\/uploads\/2023\/04\/DSC3236-683x1024.jpg?strip=info&#038;w=1707 1707w\" alt=\"\" data-height=\"2560\" data-id=\"15\" data-link=\"http:\/\/stannahof.at\/_dsc3236\/\" data-url=\"http:\/\/stannahof.at\/wp-content\/uploads\/2023\/04\/DSC3236-683x1024.jpg\" data-width=\"1707\" src=\"https:\/\/i2.wp.com\/stannahof.at\/wp-content\/uploads\/2023\/04\/DSC3236-683x1024.jpg\" data-amp-layout=\"responsive\"\/><\/figure><\/div><\/div><div class=\"tiled-gallery__row\"><div class=\"tiled-gallery__col\" style=\"flex-basis:57.37521%\"><figure class=\"tiled-gallery__item\"><img decoding=\"async\" srcset=\"https:\/\/i2.wp.com\/stannahof.at\/wp-content\/uploads\/2023\/04\/DSC3246-683x1024.jpg?strip=info&#038;w=600 600w,https:\/\/i2.wp.com\/stannahof.at\/wp-content\/uploads\/2023\/04\/DSC3246-683x1024.jpg?strip=info&#038;w=900 900w,https:\/\/i2.wp.com\/stannahof.at\/wp-content\/uploads\/2023\/04\/DSC3246-683x1024.jpg?strip=info&#038;w=1200 1200w,https:\/\/i2.wp.com\/stannahof.at\/wp-content\/uploads\/2023\/04\/DSC3246-683x1024.jpg?strip=info&#038;w=1500 1500w,https:\/\/i2.wp.com\/stannahof.at\/wp-content\/uploads\/2023\/04\/DSC3246-683x1024.jpg?strip=info&#038;w=1707 1707w\" alt=\"\" data-height=\"2560\" data-id=\"27\" data-link=\"http:\/\/stannahof.at\/_dsc3246\/\" data-url=\"http:\/\/stannahof.at\/wp-content\/uploads\/2023\/04\/DSC3246-683x1024.jpg\" data-width=\"1707\" src=\"https:\/\/i2.wp.com\/stannahof.at\/wp-content\/uploads\/2023\/04\/DSC3246-683x1024.jpg\" data-amp-layout=\"responsive\"\/><\/figure><\/div><div class=\"tiled-gallery__col\" style=\"flex-basis:42.62479%\"><figure class=\"tiled-gallery__item\"><img decoding=\"async\" srcset=\"https:\/\/i0.wp.com\/stannahof.at\/wp-content\/uploads\/2023\/04\/DSC3231-1024x683.jpg?strip=info&#038;w=600 600w,https:\/\/i0.wp.com\/stannahof.at\/wp-content\/uploads\/2023\/04\/DSC3231-1024x683.jpg?strip=info&#038;w=900 900w,https:\/\/i0.wp.com\/stannahof.at\/wp-content\/uploads\/2023\/04\/DSC3231-1024x683.jpg?strip=info&#038;w=1200 1200w,https:\/\/i0.wp.com\/stannahof.at\/wp-content\/uploads\/2023\/04\/DSC3231-1024x683.jpg?strip=info&#038;w=1500 1500w,https:\/\/i0.wp.com\/stannahof.at\/wp-content\/uploads\/2023\/04\/DSC3231-1024x683.jpg?strip=info&#038;w=1800 1800w,https:\/\/i0.wp.com\/stannahof.at\/wp-content\/uploads\/2023\/04\/DSC3231-1024x683.jpg?strip=info&#038;w=2000 2000w\" alt=\"\" data-height=\"1707\" data-id=\"29\" data-link=\"http:\/\/stannahof.at\/_dsc3231\/\" data-url=\"http:\/\/stannahof.at\/wp-content\/uploads\/2023\/04\/DSC3231-1024x683.jpg\" data-width=\"2560\" src=\"https:\/\/i0.wp.com\/stannahof.at\/wp-content\/uploads\/2023\/04\/DSC3231-1024x683.jpg\" data-amp-layout=\"responsive\"\/><\/figure><figure class=\"tiled-gallery__item\"><img decoding=\"async\" srcset=\"https:\/\/i1.wp.com\/stannahof.at\/wp-content\/uploads\/2023\/04\/DSC3243-1024x683.jpg?strip=info&#038;w=600 600w,https:\/\/i1.wp.com\/stannahof.at\/wp-content\/uploads\/2023\/04\/DSC3243-1024x683.jpg?strip=info&#038;w=900 900w,https:\/\/i1.wp.com\/stannahof.at\/wp-content\/uploads\/2023\/04\/DSC3243-1024x683.jpg?strip=info&#038;w=1200 1200w,https:\/\/i1.wp.com\/stannahof.at\/wp-content\/uploads\/2023\/04\/DSC3243-1024x683.jpg?strip=info&#038;w=1500 1500w,https:\/\/i1.wp.com\/stannahof.at\/wp-content\/uploads\/2023\/04\/DSC3243-1024x683.jpg?strip=info&#038;w=1800 1800w,https:\/\/i1.wp.com\/stannahof.at\/wp-content\/uploads\/2023\/04\/DSC3243-1024x683.jpg?strip=info&#038;w=2000 2000w\" alt=\"\" data-height=\"1707\" data-id=\"36\" data-link=\"http:\/\/stannahof.at\/_dsc3243\/\" data-url=\"http:\/\/stannahof.at\/wp-content\/uploads\/2023\/04\/DSC3243-1024x683.jpg\" data-width=\"2560\" src=\"https:\/\/i1.wp.com\/stannahof.at\/wp-content\/uploads\/2023\/04\/DSC3243-1024x683.jpg\" data-amp-layout=\"responsive\"\/><\/figure><figure class=\"tiled-gallery__item\"><img decoding=\"async\" srcset=\"https:\/\/i1.wp.com\/stannahof.at\/wp-content\/uploads\/2023\/04\/DSC3216-1024x683.jpg?strip=info&#038;w=600 600w,https:\/\/i1.wp.com\/stannahof.at\/wp-content\/uploads\/2023\/04\/DSC3216-1024x683.jpg?strip=info&#038;w=900 900w,https:\/\/i1.wp.com\/stannahof.at\/wp-content\/uploads\/2023\/04\/DSC3216-1024x683.jpg?strip=info&#038;w=1200 1200w,https:\/\/i1.wp.com\/stannahof.at\/wp-content\/uploads\/2023\/04\/DSC3216-1024x683.jpg?strip=info&#038;w=1500 1500w,https:\/\/i1.wp.com\/stannahof.at\/wp-content\/uploads\/2023\/04\/DSC3216-1024x683.jpg?strip=info&#038;w=1800 1800w,https:\/\/i1.wp.com\/stannahof.at\/wp-content\/uploads\/2023\/04\/DSC3216-1024x683.jpg?strip=info&#038;w=2000 2000w\" alt=\"\" data-height=\"1707\" data-id=\"35\" data-link=\"http:\/\/stannahof.at\/_dsc3216\/\" data-url=\"http:\/\/stannahof.at\/wp-content\/uploads\/2023\/04\/DSC3216-1024x683.jpg\" data-width=\"2560\" src=\"https:\/\/i1.wp.com\/stannahof.at\/wp-content\/uploads\/2023\/04\/DSC3216-1024x683.jpg\" data-amp-layout=\"responsive\"\/><\/figure><\/div><\/div><div class=\"tiled-gallery__row\"><div class=\"tiled-gallery__col\" style=\"flex-basis:52.74988%\"><figure class=\"tiled-gallery__item\"><img decoding=\"async\" srcset=\"https:\/\/i1.wp.com\/stannahof.at\/wp-content\/uploads\/2023\/04\/DSC3210-1-1024x683.jpg?strip=info&#038;w=600 600w,https:\/\/i1.wp.com\/stannahof.at\/wp-content\/uploads\/2023\/04\/DSC3210-1-1024x683.jpg?strip=info&#038;w=900 900w,https:\/\/i1.wp.com\/stannahof.at\/wp-content\/uploads\/2023\/04\/DSC3210-1-1024x683.jpg?strip=info&#038;w=1200 1200w,https:\/\/i1.wp.com\/stannahof.at\/wp-content\/uploads\/2023\/04\/DSC3210-1-1024x683.jpg?strip=info&#038;w=1500 1500w,https:\/\/i1.wp.com\/stannahof.at\/wp-content\/uploads\/2023\/04\/DSC3210-1-1024x683.jpg?strip=info&#038;w=1800 1800w,https:\/\/i1.wp.com\/stannahof.at\/wp-content\/uploads\/2023\/04\/DSC3210-1-1024x683.jpg?strip=info&#038;w=2000 2000w\" alt=\"\" data-height=\"1707\" data-id=\"28\" data-link=\"http:\/\/stannahof.at\/_dsc3210-2\/\" data-url=\"http:\/\/stannahof.at\/wp-content\/uploads\/2023\/04\/DSC3210-1-1024x683.jpg\" data-width=\"2560\" src=\"https:\/\/i1.wp.com\/stannahof.at\/wp-content\/uploads\/2023\/04\/DSC3210-1-1024x683.jpg\" data-amp-layout=\"responsive\"\/><\/figure><figure class=\"tiled-gallery__item\"><img decoding=\"async\" srcset=\"https:\/\/i2.wp.com\/stannahof.at\/wp-content\/uploads\/2023\/06\/Gross-_DSC4137-Kopie-1024x682.jpeg?strip=info&#038;w=600 600w,https:\/\/i2.wp.com\/stannahof.at\/wp-content\/uploads\/2023\/06\/Gross-_DSC4137-Kopie-1024x682.jpeg?strip=info&#038;w=900 900w,https:\/\/i2.wp.com\/stannahof.at\/wp-content\/uploads\/2023\/06\/Gross-_DSC4137-Kopie-1024x682.jpeg?strip=info&#038;w=1200 1200w,https:\/\/i2.wp.com\/stannahof.at\/wp-content\/uploads\/2023\/06\/Gross-_DSC4137-Kopie-1024x682.jpeg?strip=info&#038;w=1280 1280w\" alt=\"\" data-height=\"853\" data-id=\"1441\" data-link=\"http:\/\/stannahof.at\/gross-_dsc4137-kopie-2\/\" data-url=\"http:\/\/stannahof.at\/wp-content\/uploads\/2023\/06\/Gross-_DSC4137-Kopie-1024x682.jpeg\" data-width=\"1280\" src=\"https:\/\/i2.wp.com\/stannahof.at\/wp-content\/uploads\/2023\/06\/Gross-_DSC4137-Kopie-1024x682.jpeg\" data-amp-layout=\"responsive\"\/><\/figure><\/div><div class=\"tiled-gallery__col\" style=\"flex-basis:47.25012%\"><figure class=\"tiled-gallery__item\"><img decoding=\"async\" srcset=\"https:\/\/i2.wp.com\/stannahof.at\/wp-content\/uploads\/2023\/04\/DSC3294-683x1024.jpg?strip=info&#038;w=600 600w,https:\/\/i2.wp.com\/stannahof.at\/wp-content\/uploads\/2023\/04\/DSC3294-683x1024.jpg?strip=info&#038;w=900 900w,https:\/\/i2.wp.com\/stannahof.at\/wp-content\/uploads\/2023\/04\/DSC3294-683x1024.jpg?strip=info&#038;w=1200 1200w,https:\/\/i2.wp.com\/stannahof.at\/wp-content\/uploads\/2023\/04\/DSC3294-683x1024.jpg?strip=info&#038;w=1500 1500w,https:\/\/i2.wp.com\/stannahof.at\/wp-content\/uploads\/2023\/04\/DSC3294-683x1024.jpg?strip=info&#038;w=1707 1707w\" alt=\"\" data-height=\"2560\" data-id=\"37\" data-link=\"http:\/\/stannahof.at\/_dsc3294\/\" data-url=\"http:\/\/stannahof.at\/wp-content\/uploads\/2023\/04\/DSC3294-683x1024.jpg\" data-width=\"1707\" src=\"https:\/\/i2.wp.com\/stannahof.at\/wp-content\/uploads\/2023\/04\/DSC3294-683x1024.jpg\" data-amp-layout=\"responsive\"\/><\/figure><\/div><\/div><div class=\"tiled-gallery__row\"><div class=\"tiled-gallery__col\" style=\"flex-basis:72.66680%\"><figure class=\"tiled-gallery__item\"><img decoding=\"async\" srcset=\"https:\/\/i1.wp.com\/stannahof.at\/wp-content\/uploads\/2023\/06\/DSC4135-Kopie-1024x683.jpg?strip=info&#038;w=600 600w,https:\/\/i1.wp.com\/stannahof.at\/wp-content\/uploads\/2023\/06\/DSC4135-Kopie-1024x683.jpg?strip=info&#038;w=900 900w,https:\/\/i1.wp.com\/stannahof.at\/wp-content\/uploads\/2023\/06\/DSC4135-Kopie-1024x683.jpg?strip=info&#038;w=1200 1200w,https:\/\/i1.wp.com\/stannahof.at\/wp-content\/uploads\/2023\/06\/DSC4135-Kopie-1024x683.jpg?strip=info&#038;w=1500 1500w,https:\/\/i1.wp.com\/stannahof.at\/wp-content\/uploads\/2023\/06\/DSC4135-Kopie-1024x683.jpg?strip=info&#038;w=1800 1800w,https:\/\/i1.wp.com\/stannahof.at\/wp-content\/uploads\/2023\/06\/DSC4135-Kopie-1024x683.jpg?strip=info&#038;w=2000 2000w\" alt=\"\" data-height=\"1707\" data-id=\"1434\" data-link=\"http:\/\/stannahof.at\/_dsc4135-kopie\/\" data-url=\"http:\/\/stannahof.at\/wp-content\/uploads\/2023\/06\/DSC4135-Kopie-1024x683.jpg\" data-width=\"2560\" src=\"https:\/\/i1.wp.com\/stannahof.at\/wp-content\/uploads\/2023\/06\/DSC4135-Kopie-1024x683.jpg\" data-amp-layout=\"responsive\"\/><\/figure><\/div><div class=\"tiled-gallery__col\" style=\"flex-basis:27.33320%\"><figure class=\"tiled-gallery__item\"><img decoding=\"async\" srcset=\"https:\/\/i0.wp.com\/stannahof.at\/wp-content\/uploads\/2023\/04\/DSC3287-576x1024.jpg?strip=info&#038;w=600 600w,https:\/\/i0.wp.com\/stannahof.at\/wp-content\/uploads\/2023\/04\/DSC3287-576x1024.jpg?strip=info&#038;w=900 900w,https:\/\/i0.wp.com\/stannahof.at\/wp-content\/uploads\/2023\/04\/DSC3287-576x1024.jpg?strip=info&#038;w=1200 1200w,https:\/\/i0.wp.com\/stannahof.at\/wp-content\/uploads\/2023\/04\/DSC3287-576x1024.jpg?strip=info&#038;w=1440 1440w\" alt=\"\" data-height=\"2560\" data-id=\"24\" data-link=\"http:\/\/stannahof.at\/_dsc3287\/\" data-url=\"http:\/\/stannahof.at\/wp-content\/uploads\/2023\/04\/DSC3287-576x1024.jpg\" data-width=\"1440\" src=\"https:\/\/i0.wp.com\/stannahof.at\/wp-content\/uploads\/2023\/04\/DSC3287-576x1024.jpg\" data-amp-layout=\"responsive\"\/><\/figure><\/div><\/div><\/div><\/div>\n\n\n\n<div style=\"height:50px\" aria-hidden=\"true\" class=\"wp-block-spacer\"><\/div>\n\n\n\n<div class=\"wp-block-buttons is-content-justification-center is-layout-flex wp-container-core-buttons-layout-2 wp-block-buttons-is-layout-flex\">\n<div class=\"wp-block-button is-style-outline\"><a class=\"wp-block-button__link wp-element-button\" href=\"stannahof.atstannahof.at\/index.php\/inklusivleistungen\/\">Inklusivleistungen<\/a><\/div>\n<\/div>\n\n\n\n<div style=\"height:0px\" aria-hidden=\"true\" class=\"wp-block-spacer\"><\/div>\n\n\n\n<p><\/p>\n","protected":false},"excerpt":{"rendered":"","protected":false},"author":1,"featured_media":0,"parent":0,"menu_order":0,"comment_status":"closed","ping_status":"closed","template":"","meta":{"footnotes":""},"jetpack_sharing_enabled":true,"_links":{"self":[{"href":"http:\/\/stannahof.at\/index.php\/wp-json\/wp\/v2\/pages\/73"}],"collection":[{"href":"http:\/\/stannahof.at\/index.php\/wp-json\/wp\/v2\/pages"}],"about":[{"href":"http:\/\/stannahof.at\/index.php\/wp-json\/wp\/v2\/types\/page"}],"author":[{"embeddable":true,"href":"http:\/\/stannahof.at\/index.php\/wp-json\/wp\/v2\/users\/1"}],"replies":[{"embeddable":true,"href":"http:\/\/stannahof.at\/index.php\/wp-json\/wp\/v2\/comments?post=73"}],"version-history":[{"count":56,"href":"http:\/\/stannahof.at\/index.php\/wp-json\/wp\/v2\/pages\/73\/revisions"}],"predecessor-version":[{"id":1470,"href":"http:\/\/stannahof.at\/index.php\/wp-json\/wp\/v2\/pages\/73\/revisions\/1470"}],"wp:attachment":[{"href":"http:\/\/stannahof.at\/index.php\/wp-json\/wp\/v2\/media?parent=73"}],"curies":[{"name":"wp","href":"https:\/\/api.w.org\/{rel}","templated":true}]}}