{"id":72,"date":"2023-04-11T10:15:02","date_gmt":"2023-04-11T10:15:02","guid":{"rendered":"http:\/\/stannahof.at\/?page_id=72"},"modified":"2023-05-23T07:35:11","modified_gmt":"2023-05-23T07:35:11","slug":"apartment-emma","status":"publish","type":"page","link":"http:\/\/stannahof.at\/index.php\/apartment-emma\/","title":{"rendered":"APARTMENT EMMA"},"content":{"rendered":"\n<p>Das Apartment Emma hat ca. 90m2 und ist mit einem Schwedenofen ausgestattet. Die Wohnung ist sehr gro\u00dfz\u00fcgig. Ein modernes Badezimmer und ein separates WC befinden sich im Erdgescho\u00df. Im Obergescho\u00df befinden sich die Schlafr\u00e4ume mit dem Schlafsystem aus Zirbenholz der Tischlerei Neulinger.&nbsp;&nbsp;Das Apartment hat eine eigene Terrasse.&nbsp;<\/p>\n\n\n\n<p><strong><mark style=\"background-color:rgba(0, 0, 0, 0);color:#253120\" class=\"has-inline-color\">AB 100 \u20ac PRO NACHT\/FAMILIE<\/mark><\/strong><\/p>\n\n\n\n<div style=\"height:20px\" aria-hidden=\"true\" class=\"wp-block-spacer\"><\/div>\n\n\n\n<div class=\"wp-block-buttons is-content-justification-center is-layout-flex wp-container-core-buttons-layout-1 wp-block-buttons-is-layout-flex\">\n<div class=\"wp-block-button is-style-outline\"><a class=\"wp-block-button__link wp-element-button\" href=\"http:\/\/stannahof.at\/index.php\/anfragen\/\">JETZT ANFRAGEN<\/a><\/div>\n<\/div>\n\n\n\n<div style=\"height:48px\" aria-hidden=\"true\" class=\"wp-block-spacer\"><\/div>\n\n\n\n<div class=\"wp-block-jetpack-tiled-gallery aligncenter is-style-rectangular\"><div class=\"tiled-gallery__gallery\"><div class=\"tiled-gallery__row\"><div class=\"tiled-gallery__col\" style=\"flex-basis:66.78097%\"><figure class=\"tiled-gallery__item\"><img decoding=\"async\" srcset=\"https:\/\/i0.wp.com\/stannahof.at\/wp-content\/uploads\/2023\/04\/DSC3305-1-1024x683.jpg?strip=info&#038;w=600 600w,https:\/\/i0.wp.com\/stannahof.at\/wp-content\/uploads\/2023\/04\/DSC3305-1-1024x683.jpg?strip=info&#038;w=900 900w,https:\/\/i0.wp.com\/stannahof.at\/wp-content\/uploads\/2023\/04\/DSC3305-1-1024x683.jpg?strip=info&#038;w=1200 1200w,https:\/\/i0.wp.com\/stannahof.at\/wp-content\/uploads\/2023\/04\/DSC3305-1-1024x683.jpg?strip=info&#038;w=1500 1500w,https:\/\/i0.wp.com\/stannahof.at\/wp-content\/uploads\/2023\/04\/DSC3305-1-1024x683.jpg?strip=info&#038;w=1800 1800w,https:\/\/i0.wp.com\/stannahof.at\/wp-content\/uploads\/2023\/04\/DSC3305-1-1024x683.jpg?strip=info&#038;w=2000 2000w\" alt=\"\" data-height=\"1707\" data-id=\"25\" data-link=\"http:\/\/stannahof.at\/_dsc3305-2\/\" data-url=\"http:\/\/stannahof.at\/wp-content\/uploads\/2023\/04\/DSC3305-1-1024x683.jpg\" data-width=\"2560\" src=\"https:\/\/i0.wp.com\/stannahof.at\/wp-content\/uploads\/2023\/04\/DSC3305-1-1024x683.jpg\" data-amp-layout=\"responsive\"\/><\/figure><\/div><div class=\"tiled-gallery__col\" style=\"flex-basis:33.21903%\"><figure class=\"tiled-gallery__item\"><img decoding=\"async\" srcset=\"https:\/\/i0.wp.com\/stannahof.at\/wp-content\/uploads\/2023\/04\/DSC3362-1024x683.jpg?strip=info&#038;w=600 600w,https:\/\/i0.wp.com\/stannahof.at\/wp-content\/uploads\/2023\/04\/DSC3362-1024x683.jpg?strip=info&#038;w=900 900w,https:\/\/i0.wp.com\/stannahof.at\/wp-content\/uploads\/2023\/04\/DSC3362-1024x683.jpg?strip=info&#038;w=1200 1200w,https:\/\/i0.wp.com\/stannahof.at\/wp-content\/uploads\/2023\/04\/DSC3362-1024x683.jpg?strip=info&#038;w=1500 1500w,https:\/\/i0.wp.com\/stannahof.at\/wp-content\/uploads\/2023\/04\/DSC3362-1024x683.jpg?strip=info&#038;w=1800 1800w,https:\/\/i0.wp.com\/stannahof.at\/wp-content\/uploads\/2023\/04\/DSC3362-1024x683.jpg?strip=info&#038;w=2000 2000w\" alt=\"\" data-height=\"1707\" data-id=\"32\" data-link=\"http:\/\/stannahof.at\/_dsc3362\/\" data-url=\"http:\/\/stannahof.at\/wp-content\/uploads\/2023\/04\/DSC3362-1024x683.jpg\" data-width=\"2560\" src=\"https:\/\/i0.wp.com\/stannahof.at\/wp-content\/uploads\/2023\/04\/DSC3362-1024x683.jpg\" data-amp-layout=\"responsive\"\/><\/figure><figure class=\"tiled-gallery__item\"><img decoding=\"async\" srcset=\"https:\/\/i1.wp.com\/stannahof.at\/wp-content\/uploads\/2023\/05\/Gross-_DSC4103-Kopie-1024x682.jpeg?strip=info&#038;w=600 600w,https:\/\/i1.wp.com\/stannahof.at\/wp-content\/uploads\/2023\/05\/Gross-_DSC4103-Kopie-1024x682.jpeg?strip=info&#038;w=900 900w,https:\/\/i1.wp.com\/stannahof.at\/wp-content\/uploads\/2023\/05\/Gross-_DSC4103-Kopie-1024x682.jpeg?strip=info&#038;w=1200 1200w,https:\/\/i1.wp.com\/stannahof.at\/wp-content\/uploads\/2023\/05\/Gross-_DSC4103-Kopie-1024x682.jpeg?strip=info&#038;w=1280 1280w\" alt=\"\" data-height=\"853\" data-id=\"1260\" data-link=\"http:\/\/stannahof.at\/gross-_dsc4103-kopie\/\" data-url=\"http:\/\/stannahof.at\/wp-content\/uploads\/2023\/05\/Gross-_DSC4103-Kopie-1024x682.jpeg\" data-width=\"1280\" src=\"https:\/\/i1.wp.com\/stannahof.at\/wp-content\/uploads\/2023\/05\/Gross-_DSC4103-Kopie-1024x682.jpeg\" data-amp-layout=\"responsive\"\/><\/figure><\/div><\/div><div class=\"tiled-gallery__row\"><div class=\"tiled-gallery__col\" style=\"flex-basis:69.19704%\"><figure class=\"tiled-gallery__item\"><img decoding=\"async\" srcset=\"https:\/\/i0.wp.com\/stannahof.at\/wp-content\/uploads\/2023\/05\/Gross-_DSC4098-Kopie-1024x682.jpeg?strip=info&#038;w=600 600w,https:\/\/i0.wp.com\/stannahof.at\/wp-content\/uploads\/2023\/05\/Gross-_DSC4098-Kopie-1024x682.jpeg?strip=info&#038;w=900 900w,https:\/\/i0.wp.com\/stannahof.at\/wp-content\/uploads\/2023\/05\/Gross-_DSC4098-Kopie-1024x682.jpeg?strip=info&#038;w=1200 1200w,https:\/\/i0.wp.com\/stannahof.at\/wp-content\/uploads\/2023\/05\/Gross-_DSC4098-Kopie-1024x682.jpeg?strip=info&#038;w=1280 1280w\" alt=\"\" data-height=\"853\" data-id=\"1258\" data-link=\"http:\/\/stannahof.at\/gross-_dsc4098-kopie\/\" data-url=\"http:\/\/stannahof.at\/wp-content\/uploads\/2023\/05\/Gross-_DSC4098-Kopie-1024x682.jpeg\" data-width=\"1280\" src=\"https:\/\/i0.wp.com\/stannahof.at\/wp-content\/uploads\/2023\/05\/Gross-_DSC4098-Kopie-1024x682.jpeg\" data-amp-layout=\"responsive\"\/><\/figure><\/div><div class=\"tiled-gallery__col\" style=\"flex-basis:30.80296%\"><figure class=\"tiled-gallery__item\"><img decoding=\"async\" srcset=\"https:\/\/i0.wp.com\/stannahof.at\/wp-content\/uploads\/2023\/05\/Gross-_DSC4101-Kopie-682x1024.jpeg?strip=info&#038;w=600 600w,https:\/\/i0.wp.com\/stannahof.at\/wp-content\/uploads\/2023\/05\/Gross-_DSC4101-Kopie-682x1024.jpeg?strip=info&#038;w=853 853w\" alt=\"\" data-height=\"1280\" data-id=\"1259\" data-link=\"http:\/\/stannahof.at\/gross-_dsc4101-kopie\/\" data-url=\"http:\/\/stannahof.at\/wp-content\/uploads\/2023\/05\/Gross-_DSC4101-Kopie-682x1024.jpeg\" data-width=\"853\" src=\"https:\/\/i0.wp.com\/stannahof.at\/wp-content\/uploads\/2023\/05\/Gross-_DSC4101-Kopie-682x1024.jpeg\" data-amp-layout=\"responsive\"\/><\/figure><\/div><\/div><div class=\"tiled-gallery__row\"><div class=\"tiled-gallery__col\" style=\"flex-basis:30.80296%\"><figure class=\"tiled-gallery__item\"><img decoding=\"async\" srcset=\"https:\/\/i2.wp.com\/stannahof.at\/wp-content\/uploads\/2023\/05\/Gross-_DSC4105-Kopie-682x1024.jpeg?strip=info&#038;w=600 600w,https:\/\/i2.wp.com\/stannahof.at\/wp-content\/uploads\/2023\/05\/Gross-_DSC4105-Kopie-682x1024.jpeg?strip=info&#038;w=853 853w\" alt=\"\" data-height=\"1280\" data-id=\"1261\" data-link=\"http:\/\/stannahof.at\/gross-_dsc4105-kopie\/\" data-url=\"http:\/\/stannahof.at\/wp-content\/uploads\/2023\/05\/Gross-_DSC4105-Kopie-682x1024.jpeg\" data-width=\"853\" src=\"https:\/\/i2.wp.com\/stannahof.at\/wp-content\/uploads\/2023\/05\/Gross-_DSC4105-Kopie-682x1024.jpeg\" data-amp-layout=\"responsive\"\/><\/figure><\/div><div class=\"tiled-gallery__col\" style=\"flex-basis:69.19704%\"><figure class=\"tiled-gallery__item\"><img decoding=\"async\" srcset=\"https:\/\/i1.wp.com\/stannahof.at\/wp-content\/uploads\/2023\/05\/Gross-_DSC4122-Kopie-1024x682.jpeg?strip=info&#038;w=600 600w,https:\/\/i1.wp.com\/stannahof.at\/wp-content\/uploads\/2023\/05\/Gross-_DSC4122-Kopie-1024x682.jpeg?strip=info&#038;w=900 900w,https:\/\/i1.wp.com\/stannahof.at\/wp-content\/uploads\/2023\/05\/Gross-_DSC4122-Kopie-1024x682.jpeg?strip=info&#038;w=1200 1200w,https:\/\/i1.wp.com\/stannahof.at\/wp-content\/uploads\/2023\/05\/Gross-_DSC4122-Kopie-1024x682.jpeg?strip=info&#038;w=1280 1280w\" alt=\"\" data-height=\"853\" data-id=\"1267\" data-link=\"http:\/\/stannahof.at\/gross-_dsc4122-kopie\/\" data-url=\"http:\/\/stannahof.at\/wp-content\/uploads\/2023\/05\/Gross-_DSC4122-Kopie-1024x682.jpeg\" data-width=\"1280\" src=\"https:\/\/i1.wp.com\/stannahof.at\/wp-content\/uploads\/2023\/05\/Gross-_DSC4122-Kopie-1024x682.jpeg\" data-amp-layout=\"responsive\"\/><\/figure><\/div><\/div><div class=\"tiled-gallery__row\"><div class=\"tiled-gallery__col\" style=\"flex-basis:52.89315%\"><figure class=\"tiled-gallery__item\"><img decoding=\"async\" srcset=\"https:\/\/i2.wp.com\/stannahof.at\/wp-content\/uploads\/2023\/05\/Gross-_DSC4120-Kopie-1024x682.jpeg?strip=info&#038;w=600 600w,https:\/\/i2.wp.com\/stannahof.at\/wp-content\/uploads\/2023\/05\/Gross-_DSC4120-Kopie-1024x682.jpeg?strip=info&#038;w=900 900w,https:\/\/i2.wp.com\/stannahof.at\/wp-content\/uploads\/2023\/05\/Gross-_DSC4120-Kopie-1024x682.jpeg?strip=info&#038;w=1200 1200w,https:\/\/i2.wp.com\/stannahof.at\/wp-content\/uploads\/2023\/05\/Gross-_DSC4120-Kopie-1024x682.jpeg?strip=info&#038;w=1280 1280w\" alt=\"\" data-height=\"853\" data-id=\"1265\" data-link=\"http:\/\/stannahof.at\/gross-_dsc4120-kopie\/\" data-url=\"http:\/\/stannahof.at\/wp-content\/uploads\/2023\/05\/Gross-_DSC4120-Kopie-1024x682.jpeg\" data-width=\"1280\" src=\"https:\/\/i2.wp.com\/stannahof.at\/wp-content\/uploads\/2023\/05\/Gross-_DSC4120-Kopie-1024x682.jpeg\" data-amp-layout=\"responsive\"\/><\/figure><\/div><div class=\"tiled-gallery__col\" style=\"flex-basis:23.55342%\"><figure class=\"tiled-gallery__item\"><img decoding=\"async\" srcset=\"https:\/\/i0.wp.com\/stannahof.at\/wp-content\/uploads\/2023\/05\/Gross-_DSC4115-Kopie-682x1024.jpeg?strip=info&#038;w=600 600w,https:\/\/i0.wp.com\/stannahof.at\/wp-content\/uploads\/2023\/05\/Gross-_DSC4115-Kopie-682x1024.jpeg?strip=info&#038;w=853 853w\" alt=\"\" data-height=\"1280\" data-id=\"1263\" data-link=\"http:\/\/stannahof.at\/gross-_dsc4115-kopie\/\" data-url=\"http:\/\/stannahof.at\/wp-content\/uploads\/2023\/05\/Gross-_DSC4115-Kopie-682x1024.jpeg\" data-width=\"853\" src=\"https:\/\/i0.wp.com\/stannahof.at\/wp-content\/uploads\/2023\/05\/Gross-_DSC4115-Kopie-682x1024.jpeg\" data-amp-layout=\"responsive\"\/><\/figure><\/div><div class=\"tiled-gallery__col\" style=\"flex-basis:23.55342%\"><figure class=\"tiled-gallery__item\"><img decoding=\"async\" srcset=\"https:\/\/i1.wp.com\/stannahof.at\/wp-content\/uploads\/2023\/05\/Gross-_DSC4113-Kopie-682x1024.jpeg?strip=info&#038;w=600 600w,https:\/\/i1.wp.com\/stannahof.at\/wp-content\/uploads\/2023\/05\/Gross-_DSC4113-Kopie-682x1024.jpeg?strip=info&#038;w=853 853w\" alt=\"\" data-height=\"1280\" data-id=\"1262\" data-link=\"http:\/\/stannahof.at\/gross-_dsc4113-kopie\/\" data-url=\"http:\/\/stannahof.at\/wp-content\/uploads\/2023\/05\/Gross-_DSC4113-Kopie-682x1024.jpeg\" data-width=\"853\" src=\"https:\/\/i1.wp.com\/stannahof.at\/wp-content\/uploads\/2023\/05\/Gross-_DSC4113-Kopie-682x1024.jpeg\" data-amp-layout=\"responsive\"\/><\/figure><\/div><\/div><\/div><\/div>\n\n\n\n<div style=\"height:50px\" aria-hidden=\"true\" class=\"wp-block-spacer\"><\/div>\n\n\n\n<div class=\"wp-block-buttons is-content-justification-center is-layout-flex wp-container-core-buttons-layout-2 wp-block-buttons-is-layout-flex\">\n<div class=\"wp-block-button is-style-outline\"><a class=\"wp-block-button__link wp-element-button\" href=\"stannahof.atstannahof.at\/index.php\/inklusivleistungen\/\">Inklusivleistungen<\/a><\/div>\n<\/div>\n\n\n\n<div style=\"height:20px\" aria-hidden=\"true\" class=\"wp-block-spacer\"><\/div>\n","protected":false},"excerpt":{"rendered":"<p>Das Apartment Emma hat ca. 90m2 und ist mit einem Schwedenofen ausgestattet. Die Wohnung ist sehr gro\u00dfz\u00fcgig. Ein modernes Badezimmer und ein separates WC befinden sich im Erdgescho\u00df. Im Obergescho\u00df befinden sich die Schlafr\u00e4ume mit dem Schlafsystem aus Zirbenholz der Tischlerei Neulinger.&nbsp;&nbsp;Das Apartment hat eine eigene Terrasse.&nbsp; AB 100 \u20ac PRO NACHT\/FAMILIE<\/p>\n","protected":false},"author":1,"featured_media":0,"parent":0,"menu_order":0,"comment_status":"closed","ping_status":"closed","template":"","meta":{"footnotes":""},"jetpack_sharing_enabled":true,"_links":{"self":[{"href":"http:\/\/stannahof.at\/index.php\/wp-json\/wp\/v2\/pages\/72"}],"collection":[{"href":"http:\/\/stannahof.at\/index.php\/wp-json\/wp\/v2\/pages"}],"about":[{"href":"http:\/\/stannahof.at\/index.php\/wp-json\/wp\/v2\/types\/page"}],"author":[{"embeddable":true,"href":"http:\/\/stannahof.at\/index.php\/wp-json\/wp\/v2\/users\/1"}],"replies":[{"embeddable":true,"href":"http:\/\/stannahof.at\/index.php\/wp-json\/wp\/v2\/comments?post=72"}],"version-history":[{"count":23,"href":"http:\/\/stannahof.at\/index.php\/wp-json\/wp\/v2\/pages\/72\/revisions"}],"predecessor-version":[{"id":1345,"href":"http:\/\/stannahof.at\/index.php\/wp-json\/wp\/v2\/pages\/72\/revisions\/1345"}],"wp:attachment":[{"href":"http:\/\/stannahof.at\/index.php\/wp-json\/wp\/v2\/media?parent=72"}],"curies":[{"name":"wp","href":"https:\/\/api.w.org\/{rel}","templated":true}]}}