{"id":71,"date":"2023-04-11T10:15:02","date_gmt":"2023-04-11T10:15:02","guid":{"rendered":"http:\/\/stannahof.at\/?page_id=71"},"modified":"2023-06-12T14:57:21","modified_gmt":"2023-06-12T14:57:21","slug":"apartment-anna","status":"publish","type":"page","link":"http:\/\/stannahof.at\/index.php\/apartment-anna\/","title":{"rendered":"APARTMENT ANNA"},"content":{"rendered":"\n<p>Das Apartment Anna hat ca. 90 m2. Die Wohnung ist sehr gro\u00dfz\u00fcgig ausgestattet. Im Obergescho\u00df befinden sich die Schlafr\u00e4ume mit dem Schlafsystem aus Zirbenholz der Tischlerei Neulinger sowie eine Galerie, die zum Verweilen einl\u00e4dt. Das Apartment hat eine eigene Terrasse.&nbsp;<\/p>\n\n\n\n<p><strong><mark style=\"background-color:rgba(0, 0, 0, 0);color:#253120\" class=\"has-inline-color\">AB 100 \u20ac PRO NACHT\/FAMILIE<\/mark><\/strong><\/p>\n\n\n\n<div class=\"wp-block-buttons is-content-justification-center is-layout-flex wp-container-core-buttons-layout-1 wp-block-buttons-is-layout-flex\">\n<div class=\"wp-block-button is-style-outline\"><a class=\"wp-block-button__link wp-element-button\" href=\"http:\/\/stannahof.at\/index.php\/anfragen\/\">JETZT ANFRAGEN<\/a><\/div>\n<\/div>\n\n\n\n<div style=\"height:48px\" aria-hidden=\"true\" class=\"wp-block-spacer\"><\/div>\n\n\n\n<div class=\"wp-block-jetpack-tiled-gallery is-style-rectangular\"><div class=\"tiled-gallery__gallery\"><div class=\"tiled-gallery__row\"><div class=\"tiled-gallery__col\" style=\"flex-basis:66.78097%\"><figure class=\"tiled-gallery__item\"><img decoding=\"async\" srcset=\"https:\/\/i0.wp.com\/stannahof.at\/wp-content\/uploads\/2023\/04\/DSC3362-1024x683.jpg?strip=info&#038;w=600 600w,https:\/\/i0.wp.com\/stannahof.at\/wp-content\/uploads\/2023\/04\/DSC3362-1024x683.jpg?strip=info&#038;w=900 900w,https:\/\/i0.wp.com\/stannahof.at\/wp-content\/uploads\/2023\/04\/DSC3362-1024x683.jpg?strip=info&#038;w=1200 1200w,https:\/\/i0.wp.com\/stannahof.at\/wp-content\/uploads\/2023\/04\/DSC3362-1024x683.jpg?strip=info&#038;w=1500 1500w,https:\/\/i0.wp.com\/stannahof.at\/wp-content\/uploads\/2023\/04\/DSC3362-1024x683.jpg?strip=info&#038;w=1800 1800w,https:\/\/i0.wp.com\/stannahof.at\/wp-content\/uploads\/2023\/04\/DSC3362-1024x683.jpg?strip=info&#038;w=2000 2000w\" alt=\"\" data-height=\"1707\" data-id=\"32\" data-link=\"http:\/\/stannahof.at\/_dsc3362\/\" data-url=\"http:\/\/stannahof.at\/wp-content\/uploads\/2023\/04\/DSC3362-1024x683.jpg\" data-width=\"2560\" src=\"https:\/\/i0.wp.com\/stannahof.at\/wp-content\/uploads\/2023\/04\/DSC3362-1024x683.jpg\" data-amp-layout=\"responsive\"\/><\/figure><\/div><div class=\"tiled-gallery__col\" style=\"flex-basis:33.21903%\"><figure class=\"tiled-gallery__item\"><img decoding=\"async\" srcset=\"https:\/\/i0.wp.com\/stannahof.at\/wp-content\/uploads\/2023\/04\/DSC3305-1-1024x683.jpg?strip=info&#038;w=600 600w,https:\/\/i0.wp.com\/stannahof.at\/wp-content\/uploads\/2023\/04\/DSC3305-1-1024x683.jpg?strip=info&#038;w=900 900w,https:\/\/i0.wp.com\/stannahof.at\/wp-content\/uploads\/2023\/04\/DSC3305-1-1024x683.jpg?strip=info&#038;w=1200 1200w,https:\/\/i0.wp.com\/stannahof.at\/wp-content\/uploads\/2023\/04\/DSC3305-1-1024x683.jpg?strip=info&#038;w=1500 1500w,https:\/\/i0.wp.com\/stannahof.at\/wp-content\/uploads\/2023\/04\/DSC3305-1-1024x683.jpg?strip=info&#038;w=1800 1800w,https:\/\/i0.wp.com\/stannahof.at\/wp-content\/uploads\/2023\/04\/DSC3305-1-1024x683.jpg?strip=info&#038;w=2000 2000w\" alt=\"\" data-height=\"1707\" data-id=\"25\" data-link=\"http:\/\/stannahof.at\/_dsc3305-2\/\" data-url=\"http:\/\/stannahof.at\/wp-content\/uploads\/2023\/04\/DSC3305-1-1024x683.jpg\" data-width=\"2560\" src=\"https:\/\/i0.wp.com\/stannahof.at\/wp-content\/uploads\/2023\/04\/DSC3305-1-1024x683.jpg\" data-amp-layout=\"responsive\"\/><\/figure><figure class=\"tiled-gallery__item\"><img decoding=\"async\" srcset=\"https:\/\/i2.wp.com\/stannahof.at\/wp-content\/uploads\/2023\/05\/Gross-_DSC4129-1024x682.jpeg?strip=info&#038;w=600 600w,https:\/\/i2.wp.com\/stannahof.at\/wp-content\/uploads\/2023\/05\/Gross-_DSC4129-1024x682.jpeg?strip=info&#038;w=900 900w,https:\/\/i2.wp.com\/stannahof.at\/wp-content\/uploads\/2023\/05\/Gross-_DSC4129-1024x682.jpeg?strip=info&#038;w=1200 1200w,https:\/\/i2.wp.com\/stannahof.at\/wp-content\/uploads\/2023\/05\/Gross-_DSC4129-1024x682.jpeg?strip=info&#038;w=1280 1280w\" alt=\"\" data-height=\"853\" data-id=\"1271\" data-link=\"http:\/\/stannahof.at\/gross-_dsc4129\/\" data-url=\"http:\/\/stannahof.at\/wp-content\/uploads\/2023\/05\/Gross-_DSC4129-1024x682.jpeg\" data-width=\"1280\" src=\"https:\/\/i2.wp.com\/stannahof.at\/wp-content\/uploads\/2023\/05\/Gross-_DSC4129-1024x682.jpeg\" data-amp-layout=\"responsive\"\/><\/figure><\/div><\/div><div class=\"tiled-gallery__row\"><div class=\"tiled-gallery__col\" style=\"flex-basis:33.21251%\"><figure class=\"tiled-gallery__item\"><img decoding=\"async\" srcset=\"https:\/\/i0.wp.com\/stannahof.at\/wp-content\/uploads\/2023\/05\/Gross-_DSC4130-1024x682.jpeg?strip=info&#038;w=600 600w,https:\/\/i0.wp.com\/stannahof.at\/wp-content\/uploads\/2023\/05\/Gross-_DSC4130-1024x682.jpeg?strip=info&#038;w=900 900w,https:\/\/i0.wp.com\/stannahof.at\/wp-content\/uploads\/2023\/05\/Gross-_DSC4130-1024x682.jpeg?strip=info&#038;w=1200 1200w,https:\/\/i0.wp.com\/stannahof.at\/wp-content\/uploads\/2023\/05\/Gross-_DSC4130-1024x682.jpeg?strip=info&#038;w=1280 1280w\" alt=\"\" data-height=\"853\" data-id=\"1272\" data-link=\"http:\/\/stannahof.at\/gross-_dsc4130\/\" data-url=\"http:\/\/stannahof.at\/wp-content\/uploads\/2023\/05\/Gross-_DSC4130-1024x682.jpeg\" data-width=\"1280\" src=\"https:\/\/i0.wp.com\/stannahof.at\/wp-content\/uploads\/2023\/05\/Gross-_DSC4130-1024x682.jpeg\" data-amp-layout=\"responsive\"\/><\/figure><figure class=\"tiled-gallery__item\"><img decoding=\"async\" srcset=\"https:\/\/i0.wp.com\/stannahof.at\/wp-content\/uploads\/2023\/05\/Gross-_DSC4123-Kopie-1024x682.jpeg?strip=info&#038;w=600 600w,https:\/\/i0.wp.com\/stannahof.at\/wp-content\/uploads\/2023\/05\/Gross-_DSC4123-Kopie-1024x682.jpeg?strip=info&#038;w=900 900w,https:\/\/i0.wp.com\/stannahof.at\/wp-content\/uploads\/2023\/05\/Gross-_DSC4123-Kopie-1024x682.jpeg?strip=info&#038;w=1200 1200w,https:\/\/i0.wp.com\/stannahof.at\/wp-content\/uploads\/2023\/05\/Gross-_DSC4123-Kopie-1024x682.jpeg?strip=info&#038;w=1280 1280w\" alt=\"\" data-height=\"853\" data-id=\"1268\" data-link=\"http:\/\/stannahof.at\/gross-_dsc4123-kopie\/\" data-url=\"http:\/\/stannahof.at\/wp-content\/uploads\/2023\/05\/Gross-_DSC4123-Kopie-1024x682.jpeg\" data-width=\"1280\" src=\"https:\/\/i0.wp.com\/stannahof.at\/wp-content\/uploads\/2023\/05\/Gross-_DSC4123-Kopie-1024x682.jpeg\" data-amp-layout=\"responsive\"\/><\/figure><\/div><div class=\"tiled-gallery__col\" style=\"flex-basis:66.78749%\"><figure class=\"tiled-gallery__item\"><img decoding=\"async\" srcset=\"https:\/\/i0.wp.com\/stannahof.at\/wp-content\/uploads\/2023\/05\/Gross-_DSC4125-Kopie-1024x682.jpeg?strip=info&#038;w=600 600w,https:\/\/i0.wp.com\/stannahof.at\/wp-content\/uploads\/2023\/05\/Gross-_DSC4125-Kopie-1024x682.jpeg?strip=info&#038;w=900 900w,https:\/\/i0.wp.com\/stannahof.at\/wp-content\/uploads\/2023\/05\/Gross-_DSC4125-Kopie-1024x682.jpeg?strip=info&#038;w=1200 1200w,https:\/\/i0.wp.com\/stannahof.at\/wp-content\/uploads\/2023\/05\/Gross-_DSC4125-Kopie-1024x682.jpeg?strip=info&#038;w=1280 1280w\" alt=\"\" data-height=\"853\" data-id=\"1270\" data-link=\"http:\/\/stannahof.at\/gross-_dsc4125-kopie\/\" data-url=\"http:\/\/stannahof.at\/wp-content\/uploads\/2023\/05\/Gross-_DSC4125-Kopie-1024x682.jpeg\" data-width=\"1280\" src=\"https:\/\/i0.wp.com\/stannahof.at\/wp-content\/uploads\/2023\/05\/Gross-_DSC4125-Kopie-1024x682.jpeg\" data-amp-layout=\"responsive\"\/><\/figure><\/div><\/div><div class=\"tiled-gallery__row\"><div class=\"tiled-gallery__col\" style=\"flex-basis:33.33981%\"><figure class=\"tiled-gallery__item\"><img decoding=\"async\" srcset=\"https:\/\/i0.wp.com\/stannahof.at\/wp-content\/uploads\/2023\/05\/Gross-_DSC4124-Kopie-1024x682.jpeg?strip=info&#038;w=600 600w,https:\/\/i0.wp.com\/stannahof.at\/wp-content\/uploads\/2023\/05\/Gross-_DSC4124-Kopie-1024x682.jpeg?strip=info&#038;w=900 900w,https:\/\/i0.wp.com\/stannahof.at\/wp-content\/uploads\/2023\/05\/Gross-_DSC4124-Kopie-1024x682.jpeg?strip=info&#038;w=1200 1200w,https:\/\/i0.wp.com\/stannahof.at\/wp-content\/uploads\/2023\/05\/Gross-_DSC4124-Kopie-1024x682.jpeg?strip=info&#038;w=1280 1280w\" alt=\"\" data-height=\"853\" data-id=\"1269\" data-link=\"http:\/\/stannahof.at\/gross-_dsc4124-kopie\/\" data-url=\"http:\/\/stannahof.at\/wp-content\/uploads\/2023\/05\/Gross-_DSC4124-Kopie-1024x682.jpeg\" data-width=\"1280\" src=\"https:\/\/i0.wp.com\/stannahof.at\/wp-content\/uploads\/2023\/05\/Gross-_DSC4124-Kopie-1024x682.jpeg\" data-amp-layout=\"responsive\"\/><\/figure><\/div><div class=\"tiled-gallery__col\" style=\"flex-basis:33.33981%\"><figure class=\"tiled-gallery__item\"><img decoding=\"async\" srcset=\"https:\/\/i0.wp.com\/stannahof.at\/wp-content\/uploads\/2023\/06\/DSC4155-2-1024x682.jpeg?strip=info&#038;w=600 600w,https:\/\/i0.wp.com\/stannahof.at\/wp-content\/uploads\/2023\/06\/DSC4155-2-1024x682.jpeg?strip=info&#038;w=900 900w,https:\/\/i0.wp.com\/stannahof.at\/wp-content\/uploads\/2023\/06\/DSC4155-2-1024x682.jpeg?strip=info&#038;w=1200 1200w,https:\/\/i0.wp.com\/stannahof.at\/wp-content\/uploads\/2023\/06\/DSC4155-2-1024x682.jpeg?strip=info&#038;w=1500 1500w,https:\/\/i0.wp.com\/stannahof.at\/wp-content\/uploads\/2023\/06\/DSC4155-2-1024x682.jpeg?strip=info&#038;w=1800 1800w,https:\/\/i0.wp.com\/stannahof.at\/wp-content\/uploads\/2023\/06\/DSC4155-2-1024x682.jpeg?strip=info&#038;w=2000 2000w\" alt=\"\" data-height=\"1706\" data-id=\"1439\" data-link=\"http:\/\/stannahof.at\/_dsc4155-2-2\/\" data-url=\"http:\/\/stannahof.at\/wp-content\/uploads\/2023\/06\/DSC4155-2-1024x682.jpeg\" data-width=\"2560\" src=\"https:\/\/i0.wp.com\/stannahof.at\/wp-content\/uploads\/2023\/06\/DSC4155-2-1024x682.jpeg\" data-amp-layout=\"responsive\"\/><\/figure><\/div><div class=\"tiled-gallery__col\" style=\"flex-basis:33.32038%\"><figure class=\"tiled-gallery__item\"><img decoding=\"async\" srcset=\"https:\/\/i0.wp.com\/stannahof.at\/wp-content\/uploads\/2023\/06\/DSC4231-Kopie-1024x683.jpeg?strip=info&#038;w=600 600w,https:\/\/i0.wp.com\/stannahof.at\/wp-content\/uploads\/2023\/06\/DSC4231-Kopie-1024x683.jpeg?strip=info&#038;w=900 900w,https:\/\/i0.wp.com\/stannahof.at\/wp-content\/uploads\/2023\/06\/DSC4231-Kopie-1024x683.jpeg?strip=info&#038;w=1200 1200w,https:\/\/i0.wp.com\/stannahof.at\/wp-content\/uploads\/2023\/06\/DSC4231-Kopie-1024x683.jpeg?strip=info&#038;w=1500 1500w,https:\/\/i0.wp.com\/stannahof.at\/wp-content\/uploads\/2023\/06\/DSC4231-Kopie-1024x683.jpeg?strip=info&#038;w=1800 1800w,https:\/\/i0.wp.com\/stannahof.at\/wp-content\/uploads\/2023\/06\/DSC4231-Kopie-1024x683.jpeg?strip=info&#038;w=2000 2000w\" alt=\"\" data-height=\"1707\" data-id=\"1440\" data-link=\"http:\/\/stannahof.at\/_dsc4231-kopie-2\/\" data-url=\"http:\/\/stannahof.at\/wp-content\/uploads\/2023\/06\/DSC4231-Kopie-1024x683.jpeg\" data-width=\"2560\" src=\"https:\/\/i0.wp.com\/stannahof.at\/wp-content\/uploads\/2023\/06\/DSC4231-Kopie-1024x683.jpeg\" data-amp-layout=\"responsive\"\/><\/figure><\/div><\/div><\/div><\/div>\n\n\n\n<div style=\"height:32px\" aria-hidden=\"true\" class=\"wp-block-spacer\"><\/div>\n\n\n\n<div class=\"wp-block-buttons is-content-justification-center is-layout-flex wp-container-core-buttons-layout-2 wp-block-buttons-is-layout-flex\">\n<div class=\"wp-block-button is-style-outline\"><a class=\"wp-block-button__link wp-element-button\" href=\"stannahof.atstannahof.at\/index.php\/inklusivleistungen\/\">Inklusivleistungen<\/a><\/div>\n<\/div>\n\n\n\n<div style=\"height:17px\" aria-hidden=\"true\" class=\"wp-block-spacer\"><\/div>\n","protected":false},"excerpt":{"rendered":"<p>Das Apartment Anna hat ca. 90 m2. Die Wohnung ist sehr gro\u00dfz\u00fcgig ausgestattet. Im Obergescho\u00df befinden sich die Schlafr\u00e4ume mit dem Schlafsystem aus Zirbenholz der Tischlerei Neulinger sowie eine Galerie, die zum Verweilen einl\u00e4dt. Das Apartment hat eine eigene Terrasse.&nbsp; AB 100 \u20ac PRO NACHT\/FAMILIE<\/p>\n","protected":false},"author":1,"featured_media":0,"parent":0,"menu_order":0,"comment_status":"closed","ping_status":"closed","template":"","meta":{"footnotes":""},"jetpack_sharing_enabled":true,"_links":{"self":[{"href":"http:\/\/stannahof.at\/index.php\/wp-json\/wp\/v2\/pages\/71"}],"collection":[{"href":"http:\/\/stannahof.at\/index.php\/wp-json\/wp\/v2\/pages"}],"about":[{"href":"http:\/\/stannahof.at\/index.php\/wp-json\/wp\/v2\/types\/page"}],"author":[{"embeddable":true,"href":"http:\/\/stannahof.at\/index.php\/wp-json\/wp\/v2\/users\/1"}],"replies":[{"embeddable":true,"href":"http:\/\/stannahof.at\/index.php\/wp-json\/wp\/v2\/comments?post=71"}],"version-history":[{"count":25,"href":"http:\/\/stannahof.at\/index.php\/wp-json\/wp\/v2\/pages\/71\/revisions"}],"predecessor-version":[{"id":1462,"href":"http:\/\/stannahof.at\/index.php\/wp-json\/wp\/v2\/pages\/71\/revisions\/1462"}],"wp:attachment":[{"href":"http:\/\/stannahof.at\/index.php\/wp-json\/wp\/v2\/media?parent=71"}],"curies":[{"name":"wp","href":"https:\/\/api.w.org\/{rel}","templated":true}]}}