{"id":291,"date":"2023-04-13T17:41:43","date_gmt":"2023-04-13T17:41:43","guid":{"rendered":"http:\/\/stannahof.at\/?page_id=291"},"modified":"2023-05-03T10:09:24","modified_gmt":"2023-05-03T10:09:24","slug":"anfragen","status":"publish","type":"page","link":"http:\/\/stannahof.at\/index.php\/anfragen\/","title":{"rendered":"ANFRAGEN"},"content":{"rendered":"\n<div style=\"height:60px\" aria-hidden=\"true\" class=\"wp-block-spacer\"><\/div>\n\n\n\n<div class=\"wp-block-contact-form-7-contact-form-selector\">\n<div class=\"wpcf7 no-js\" id=\"wpcf7-f646-o1\" lang=\"de-DE\" dir=\"ltr\">\n<div class=\"screen-reader-response\"><p role=\"status\" aria-live=\"polite\" aria-atomic=\"true\"><\/p> <ul><\/ul><\/div>\n<form action=\"\/index.php\/wp-json\/wp\/v2\/pages\/291#wpcf7-f646-o1\" method=\"post\" class=\"wpcf7-form init\" aria-label=\"Kontaktformular\" novalidate=\"novalidate\" data-status=\"init\">\n<div style=\"display: none;\">\n<input type=\"hidden\" name=\"_wpcf7\" value=\"646\" \/>\n<input type=\"hidden\" name=\"_wpcf7_version\" value=\"5.9.8\" \/>\n<input type=\"hidden\" name=\"_wpcf7_locale\" value=\"de_DE\" \/>\n<input type=\"hidden\" name=\"_wpcf7_unit_tag\" value=\"wpcf7-f646-o1\" \/>\n<input type=\"hidden\" name=\"_wpcf7_container_post\" value=\"0\" \/>\n<input type=\"hidden\" name=\"_wpcf7_posted_data_hash\" value=\"\" \/>\n<input type=\"hidden\" name=\"_wpcf7_recaptcha_response\" value=\"\" \/>\n<\/div>\n<p><label> Anreisetag*<br \/>\n<span class=\"wpcf7-form-control-wrap\" data-name=\"date-869\"><input class=\"wpcf7-form-control wpcf7-date wpcf7-validates-as-required wpcf7-validates-as-date\" aria-required=\"true\" aria-invalid=\"false\" value=\"\" type=\"date\" name=\"date-869\" \/><\/span> <\/label>\n<\/p>\n<p><label> Abreisetag*<br \/>\n<span class=\"wpcf7-form-control-wrap\" data-name=\"date-859\"><input class=\"wpcf7-form-control wpcf7-date wpcf7-validates-as-required wpcf7-validates-as-date\" aria-required=\"true\" aria-invalid=\"false\" value=\"\" type=\"date\" name=\"date-859\" \/><\/span> <\/label>\n<\/p>\n<p><label> Personenanzahl gesamt*<br \/>\n<span class=\"wpcf7-form-control-wrap\" data-name=\"number-572\"><input class=\"wpcf7-form-control wpcf7-number wpcf7-validates-as-required wpcf7-validates-as-number\" aria-required=\"true\" aria-invalid=\"false\" value=\"\" type=\"number\" name=\"number-572\" \/><\/span> <\/label>\n<\/p>\n<p><label> Anzahl der Kinder<br \/>\n<span class=\"wpcf7-form-control-wrap\" data-name=\"number-48\"><input class=\"wpcf7-form-control wpcf7-number wpcf7-validates-as-number\" aria-invalid=\"false\" value=\"\" type=\"number\" name=\"number-48\" \/><\/span> <\/label>\n<\/p>\n<p><label> Alter der Kinder (durch Beistrich getrennt)<br \/>\n<span class=\"wpcf7-form-control-wrap\" data-name=\"text-899\"><input size=\"40\" maxlength=\"400\" class=\"wpcf7-form-control wpcf7-text\" aria-invalid=\"false\" value=\"\" type=\"text\" name=\"text-899\" \/><\/span> <\/label>\n<\/p>\n<p><label> Bevorzugte Unterkunft<br \/>\n<span class=\"wpcf7-form-control-wrap\" data-name=\"Unterkunft\"><select class=\"wpcf7-form-control wpcf7-select wpcf7-validates-as-required\" aria-required=\"true\" aria-invalid=\"false\" name=\"Unterkunft\"><option value=\"Egal\">Egal<\/option><option value=\"Haus am Stoa\">Haus am Stoa<\/option><option value=\"Apartment Anna\">Apartment Anna<\/option><option value=\"Apartment Emma\">Apartment Emma<\/option><\/select><\/span> <\/label>\n<\/p>\n<p><label> Familienname*<br \/>\n<span class=\"wpcf7-form-control-wrap\" data-name=\"Familienname\"><input size=\"40\" maxlength=\"400\" class=\"wpcf7-form-control wpcf7-text wpcf7-validates-as-required\" aria-required=\"true\" aria-invalid=\"false\" placeholder=\"\" value=\"\" type=\"text\" name=\"Familienname\" \/><\/span> <\/label>\n<\/p>\n<p><label> Vorname*<br \/>\n<span class=\"wpcf7-form-control-wrap\" data-name=\"Vorname\"><input size=\"40\" maxlength=\"400\" class=\"wpcf7-form-control wpcf7-text wpcf7-validates-as-required\" aria-required=\"true\" aria-invalid=\"false\" placeholder=\"\" value=\"\" type=\"text\" name=\"Vorname\" \/><\/span> <\/label>\n<\/p>\n<p><label> Stra\u00dfe*<br \/>\n<span class=\"wpcf7-form-control-wrap\" data-name=\"Strasse\"><input size=\"40\" maxlength=\"400\" class=\"wpcf7-form-control wpcf7-text wpcf7-validates-as-required\" aria-required=\"true\" aria-invalid=\"false\" placeholder=\"\" value=\"\" type=\"text\" name=\"Strasse\" \/><\/span> <\/label>\n<\/p>\n<p><label> PLZ u. Ort*<br \/>\n<span class=\"wpcf7-form-control-wrap\" data-name=\"text-803\"><input size=\"40\" maxlength=\"400\" class=\"wpcf7-form-control wpcf7-text wpcf7-validates-as-required\" aria-required=\"true\" aria-invalid=\"false\" value=\"\" type=\"text\" name=\"text-803\" \/><\/span> <\/label>\n<\/p>\n<p><label> Land*<br \/>\n<span class=\"wpcf7-form-control-wrap\" data-name=\"text-804\"><input size=\"40\" maxlength=\"400\" class=\"wpcf7-form-control wpcf7-text wpcf7-validates-as-required\" aria-required=\"true\" aria-invalid=\"false\" value=\"\" type=\"text\" name=\"text-804\" \/><\/span> <\/label>\n<\/p>\n<p><label> Telefon*<br \/>\n<span class=\"wpcf7-form-control-wrap\" data-name=\"tel-854\"><input size=\"40\" maxlength=\"400\" class=\"wpcf7-form-control wpcf7-tel wpcf7-validates-as-required wpcf7-text wpcf7-validates-as-tel\" aria-required=\"true\" aria-invalid=\"false\" value=\"\" type=\"tel\" name=\"tel-854\" \/><\/span> <\/label>\n<\/p>\n<p><label> Email*<br \/>\n<span class=\"wpcf7-form-control-wrap\" data-name=\"your-email\"><input size=\"40\" maxlength=\"400\" class=\"wpcf7-form-control wpcf7-email wpcf7-validates-as-required wpcf7-text wpcf7-validates-as-email\" aria-required=\"true\" aria-invalid=\"false\" value=\"\" type=\"email\" name=\"your-email\" \/><\/span> <\/label>\n<\/p>\n<p><label> Was m\u00f6chten Sie uns mitteilen?<br \/>\n<span class=\"wpcf7-form-control-wrap\" data-name=\"your-message\"><textarea cols=\"40\" rows=\"10\" maxlength=\"2000\" class=\"wpcf7-form-control wpcf7-textarea\" aria-invalid=\"false\" name=\"your-message\"><\/textarea><\/span> <\/label>\n<\/p>\n<p><span class=\"wpcf7-form-control-wrap\" data-name=\"checkbox-721\"><span class=\"wpcf7-form-control wpcf7-checkbox wpcf7-validates-as-required\"><span class=\"wpcf7-list-item first last\"><label><input type=\"checkbox\" name=\"checkbox-721[]\" value=\"Mit dem Absenden dieses Formulars best\u00e4tigst du, dass du die allgemeinen Gesch\u00e4ftsbedingungen sowie unsere Datenschutzerkl\u00e4rung zur Kenntnis genommen und akzeptiert hast.\" \/><span class=\"wpcf7-list-item-label\">Mit dem Absenden dieses Formulars best\u00e4tigst du, dass du die allgemeinen Gesch\u00e4ftsbedingungen sowie unsere Datenschutzerkl\u00e4rung zur Kenntnis genommen und akzeptiert hast.<\/span><\/label><\/span><\/span><\/span>\n<\/p>\n<p><input class=\"wpcf7-form-control wpcf7-submit has-spinner\" type=\"submit\" value=\"Abschicken\" \/>\n<\/p><input type='hidden' class='wpcf7-pum' value='{\"closepopup\":false,\"closedelay\":0,\"openpopup\":false,\"openpopup_id\":0}' \/><div class=\"wpcf7-response-output\" aria-hidden=\"true\"><\/div>\n<\/form>\n<\/div>\n<\/div>\n","protected":false},"excerpt":{"rendered":"","protected":false},"author":2,"featured_media":0,"parent":0,"menu_order":0,"comment_status":"closed","ping_status":"closed","template":"","meta":{"footnotes":""},"jetpack_sharing_enabled":true,"_links":{"self":[{"href":"http:\/\/stannahof.at\/index.php\/wp-json\/wp\/v2\/pages\/291"}],"collection":[{"href":"http:\/\/stannahof.at\/index.php\/wp-json\/wp\/v2\/pages"}],"about":[{"href":"http:\/\/stannahof.at\/index.php\/wp-json\/wp\/v2\/types\/page"}],"author":[{"embeddable":true,"href":"http:\/\/stannahof.at\/index.php\/wp-json\/wp\/v2\/users\/2"}],"replies":[{"embeddable":true,"href":"http:\/\/stannahof.at\/index.php\/wp-json\/wp\/v2\/comments?post=291"}],"version-history":[{"count":3,"href":"http:\/\/stannahof.at\/index.php\/wp-json\/wp\/v2\/pages\/291\/revisions"}],"predecessor-version":[{"id":899,"href":"http:\/\/stannahof.at\/index.php\/wp-json\/wp\/v2\/pages\/291\/revisions\/899"}],"wp:attachment":[{"href":"http:\/\/stannahof.at\/index.php\/wp-json\/wp\/v2\/media?parent=291"}],"curies":[{"name":"wp","href":"https:\/\/api.w.org\/{rel}","templated":true}]}}