{"id":264,"date":"2023-04-12T10:17:21","date_gmt":"2023-04-12T10:17:21","guid":{"rendered":"http:\/\/stannahof.at\/?page_id=264"},"modified":"2023-05-03T10:26:45","modified_gmt":"2023-05-03T10:26:45","slug":"datenschutzerklaerung","status":"publish","type":"page","link":"http:\/\/stannahof.at\/index.php\/datenschutzerklaerung\/","title":{"rendered":"Datenschutzerkl\u00e4rung"},"content":{"rendered":"\n<div style=\"height:60px\" aria-hidden=\"true\" class=\"wp-block-spacer\"><\/div>\n\n\n\n<p><strong>Erkl\u00e4rung zur Informationspflicht<\/strong><\/p>\n\n\n\n<p>Der Schutz personenbezogener Daten liegt im besonderen Interesse vom St. Annahof. Diese Informationsseite informiert Sie \u00fcber die Art, den Umfang sowie den Zweck der Erhebung und die Verwendung personenbezogener Daten durch unserem St. Annahof gem\u00e4\u00df den geltenden Bestimmungen.<\/p>\n\n\n\n<p><strong>Rechtsgrundlage Einwilligung<\/strong><\/p>\n\n\n\n<p>Sie haben uns Daten \u00fcber sich freiwillig zur Verf\u00fcgung gestellt und wir verarbeiten diese Daten auf Grundlage Ihrer Einwilligung f\u00fcr Zwecke des Kundenservice und Bestellungen. Die Daten werden hierf\u00fcr erhoben, gespeichert, verarbeitet und genutzt. Sie k\u00f6nnen diese Einwilligung jederzeit widerrufen. Ein Widerruf hat zur Folge, dass wir Ihre Daten ab diesem Zeitpunkt zu oben genannten Zwecken nicht mehr verarbeiten. F\u00fcr einen Widerruf wenden Sie sich bitte an: office(at)stannahof.at<\/p>\n\n\n\n<p><strong>Speicherdauer\/L\u00f6schungsfrist<\/strong><\/p>\n\n\n\n<p>Die von Ihnen gestellten Daten werden so lange gespeichert, wie dies zur Aufrechterhaltung unsere Kundenbeziehungen und zur Gew\u00e4hrleistung unseres Kundenservice notwendig ist. Soweit gesetzlich keine l\u00e4ngere Aufbewahrung erforderlich ist, werden wir die Daten sp\u00e4testens 7 Jahre ab dem Letztkontakt l\u00f6schen. Ihre Daten werden nicht an Dritte weitergegeben, mit Ausnahme der \u00dcbermittlung an das von uns beauftragte Transportunternehmen \/ Versandunternehmen zur Zustellung der Ware.<\/p>\n\n\n\n<p><strong>Kontakt mit uns<\/strong><\/p>\n\n\n\n<p>Sie erreichen uns unter folgenden Kontaktdaten: St. Annahof, Fam. Elisabeth u. Wolfgang Eichberger , H\u00f6hendorf 6, 3911 Rappottenstein, office(at)stannahof.at<\/p>\n\n\n\n<p><strong>Cookies<\/strong><\/p>\n\n\n\n<p>Unsere Website verwendet so genannte Cookies. Dabei handelt es sich um kleine Textdateien, die mit Hilfe des Browsers auf Ihrem Endger\u00e4t abgelegt werden. Sie richten keinen Schaden an. Wir nutzen Cookies dazu, unser Angebot nutzerfreundlich zu gestalten. Einige Cookies bleiben auf Ihrem Endger\u00e4t gespeichert, bis Sie diese l\u00f6schen. Sie erm\u00f6glichen es uns, Ihren Browser beim n\u00e4chsten Besuch wiederzuerkennen. Wenn Sie dies nicht w\u00fcnschen, so k\u00f6nnen Sie Ihren Browser so einrichten, dass er Sie \u00fcber das Setzen von Cookies informiert und Sie dies nur im Einzelfall erlauben.<\/p>\n\n\n\n<p><strong>Rechtsbehelfsbelehrung<\/strong><\/p>\n\n\n\n<p>Ihnen stehen grunds\u00e4tzlich die Rechte auf Auskunft, Berichtigung, L\u00f6schung, Einschr\u00e4nkung, Daten\u00fcbertragbarkeit und Widerspruch zu. Daf\u00fcr wenden Sie sich an uns. Wenn Sie glauben, dass die Verarbeitung Ihrer Daten gegen das Datenschutzrecht verst\u00f6\u00dft oder Ihre datenschutzrechtlichen Anspr\u00fcche sonst in einer Weise verletzt worden sind, k\u00f6nnen Sie sich bei der Aufsichtsbeh\u00f6rde beschweren. In \u00d6sterreich ist die&nbsp;<a href=\"https:\/\/www.dsb.gv.at\/\">Datenschutzbeh\u00f6rde<\/a>&nbsp;zust\u00e4ndig.<\/p>\n","protected":false},"excerpt":{"rendered":"<p>Erkl\u00e4rung zur Informationspflicht Der Schutz personenbezogener Daten liegt im besonderen Interesse vom St. Annahof. Diese Informationsseite informiert Sie \u00fcber die Art, den Umfang sowie den Zweck der Erhebung und die Verwendung personenbezogener Daten durch unserem St. Annahof gem\u00e4\u00df den geltenden Bestimmungen. Rechtsgrundlage Einwilligung Sie haben uns Daten \u00fcber sich freiwillig zur Verf\u00fcgung gestellt und wir verarbeiten diese Daten auf Grundlage Ihrer Einwilligung f\u00fcr Zwecke des Kundenservice und Bestellungen. Die Daten werden hierf\u00fcr erhoben, gespeichert, verarbeitet und genutzt. Sie k\u00f6nnen diese Einwilligung jederzeit widerrufen. Ein Widerruf hat zur Folge, dass wir Ihre Daten ab diesem Zeitpunkt zu oben genannten Zwecken nicht mehr verarbeiten. F\u00fcr einen Widerruf wenden Sie sich bitte an: office(at)stannahof.at Speicherdauer\/L\u00f6schungsfrist Die von Ihnen gestellten Daten werden so lange gespeichert, wie dies zur Aufrechterhaltung unsere Kundenbeziehungen und zur Gew\u00e4hrleistung unseres Kundenservice notwendig ist. Soweit gesetzlich keine l\u00e4ngere Aufbewahrung erforderlich ist, werden wir die Daten sp\u00e4testens 7 Jahre ab dem Letztkontakt l\u00f6schen. Ihre Daten werden nicht an Dritte weitergegeben, mit Ausnahme der \u00dcbermittlung an das von uns beauftragte Transportunternehmen \/ Versandunternehmen zur Zustellung der Ware. Kontakt mit uns Sie erreichen uns unter folgenden Kontaktdaten: St. Annahof, Fam. Elisabeth u. Wolfgang Eichberger , H\u00f6hendorf 6, 3911 Rappottenstein, office(at)stannahof.at Cookies Unsere Website verwendet so genannte Cookies. Dabei handelt es sich um kleine Textdateien, die mit Hilfe des Browsers auf Ihrem Endger\u00e4t abgelegt werden. Sie richten keinen Schaden an. Wir nutzen Cookies dazu, unser Angebot nutzerfreundlich zu gestalten. Einige Cookies bleiben auf Ihrem Endger\u00e4t gespeichert, bis Sie diese l\u00f6schen. Sie erm\u00f6glichen es uns, Ihren Browser beim n\u00e4chsten Besuch wiederzuerkennen. Wenn Sie dies nicht w\u00fcnschen, so k\u00f6nnen Sie Ihren Browser so einrichten, dass er Sie \u00fcber das Setzen von Cookies informiert und Sie dies nur im Einzelfall erlauben. Rechtsbehelfsbelehrung Ihnen stehen grunds\u00e4tzlich die Rechte auf Auskunft, Berichtigung, L\u00f6schung, Einschr\u00e4nkung, Daten\u00fcbertragbarkeit und Widerspruch zu. Daf\u00fcr wenden Sie sich an uns. Wenn Sie glauben, dass die Verarbeitung Ihrer Daten gegen das Datenschutzrecht verst\u00f6\u00dft oder Ihre datenschutzrechtlichen Anspr\u00fcche sonst in einer Weise verletzt worden sind, k\u00f6nnen Sie sich bei der Aufsichtsbeh\u00f6rde beschweren. In \u00d6sterreich ist die&nbsp;Datenschutzbeh\u00f6rde&nbsp;zust\u00e4ndig.<\/p>\n","protected":false},"author":1,"featured_media":0,"parent":0,"menu_order":0,"comment_status":"closed","ping_status":"closed","template":"","meta":{"footnotes":""},"jetpack_sharing_enabled":true,"_links":{"self":[{"href":"http:\/\/stannahof.at\/index.php\/wp-json\/wp\/v2\/pages\/264"}],"collection":[{"href":"http:\/\/stannahof.at\/index.php\/wp-json\/wp\/v2\/pages"}],"about":[{"href":"http:\/\/stannahof.at\/index.php\/wp-json\/wp\/v2\/types\/page"}],"author":[{"embeddable":true,"href":"http:\/\/stannahof.at\/index.php\/wp-json\/wp\/v2\/users\/1"}],"replies":[{"embeddable":true,"href":"http:\/\/stannahof.at\/index.php\/wp-json\/wp\/v2\/comments?post=264"}],"version-history":[{"count":10,"href":"http:\/\/stannahof.at\/index.php\/wp-json\/wp\/v2\/pages\/264\/revisions"}],"predecessor-version":[{"id":1582,"href":"http:\/\/stannahof.at\/index.php\/wp-json\/wp\/v2\/pages\/264\/revisions\/1582"}],"wp:attachment":[{"href":"http:\/\/stannahof.at\/index.php\/wp-json\/wp\/v2\/media?parent=264"}],"curies":[{"name":"wp","href":"https:\/\/api.w.org\/{rel}","templated":true}]}}