{"id":1172,"date":"2023-05-16T17:16:57","date_gmt":"2023-05-16T17:16:57","guid":{"rendered":"http:\/\/stannahof.at\/?page_id=1172"},"modified":"2023-06-12T14:59:59","modified_gmt":"2023-06-12T14:59:59","slug":"inklusivleistungen","status":"publish","type":"page","link":"http:\/\/stannahof.at\/index.php\/inklusivleistungen\/","title":{"rendered":"INKLUSIVLEISTUNGEN"},"content":{"rendered":"\n<div class=\"wp-block-columns alignfull is-layout-flex wp-container-core-columns-layout-2 wp-block-columns-is-layout-flex\">\n<div class=\"wp-block-column is-layout-flow wp-block-column-is-layout-flow\" style=\"flex-basis:50%\">\n<div class=\"wp-block-cover is-light\" style=\"min-height:600px\"><span aria-hidden=\"true\" class=\"wp-block-cover__background has-background-dim-40 has-background-dim\" style=\"background-color:#f6f6f6\"><\/span><div class=\"wp-block-cover__inner-container is-layout-flow wp-block-cover-is-layout-flow\"><div class=\"wp-block-image\">\n<figure class=\"aligncenter size-large\"><img loading=\"lazy\" decoding=\"async\" width=\"683\" height=\"1024\" src=\"http:\/\/stannahof.at\/wp-content\/uploads\/2023\/06\/DSC4449-683x1024.jpeg\" alt=\"\" class=\"wp-image-1442\" srcset=\"http:\/\/stannahof.at\/wp-content\/uploads\/2023\/06\/DSC4449-683x1024.jpeg 683w, http:\/\/stannahof.at\/wp-content\/uploads\/2023\/06\/DSC4449-200x300.jpeg 200w, http:\/\/stannahof.at\/wp-content\/uploads\/2023\/06\/DSC4449-768x1152.jpeg 768w, http:\/\/stannahof.at\/wp-content\/uploads\/2023\/06\/DSC4449-1024x1536.jpeg 1024w, http:\/\/stannahof.at\/wp-content\/uploads\/2023\/06\/DSC4449-1366x2048.jpeg 1366w, http:\/\/stannahof.at\/wp-content\/uploads\/2023\/06\/DSC4449-1140x1710.jpeg 1140w, http:\/\/stannahof.at\/wp-content\/uploads\/2023\/06\/DSC4449-scaled.jpeg 1707w\" sizes=\"(max-width: 683px) 100vw, 683px\" \/><\/figure><\/div><\/div><\/div>\n<\/div>\n\n\n\n<div class=\"wp-block-column is-vertically-aligned-center is-layout-flow wp-block-column-is-layout-flow\" style=\"padding-top:1em;padding-right:1em;padding-bottom:1em;padding-left:1em\">\n<div class=\"wp-block-columns is-layout-flex wp-container-core-columns-layout-1 wp-block-columns-is-layout-flex\">\n<div class=\"wp-block-column is-layout-flow wp-block-column-is-layout-flow\" style=\"flex-basis:400px\">\n<h2 class=\"wp-block-heading\">Ausstattung im Apartment<\/h2>\n\n\n\n<ul>\n<li>TV-Ger\u00e4te<\/li>\n\n\n\n<li>Kapselkaffeemaschine<\/li>\n\n\n\n<li>Wasserkocher<\/li>\n\n\n\n<li>Bettw\u00e4sche<\/li>\n\n\n\n<li>Kochequipment<\/li>\n\n\n\n<li>Hausschuhe<\/li>\n\n\n\n<li>Schwedenofen (Holzkorb gegen Geb\u00fchr)<\/li>\n\n\n\n<li>Grundausstattung im Badezimmer inkl. F\u00f6n, Internetradio, Bade- und Handt\u00fccher, Kosmetikspiegel<\/li>\n\n\n\n<li>Zur\u00fcck zur Natur: aus unseren Wasserh\u00e4hnen l\u00e4uft Granderwasser<\/li>\n\n\n\n<li>Terrasse zum Verweilen<\/li>\n<\/ul>\n<\/div>\n<\/div>\n<\/div>\n<\/div>\n\n\n\n<div class=\"wp-block-columns alignfull is-layout-flex wp-container-core-columns-layout-4 wp-block-columns-is-layout-flex\">\n<div class=\"wp-block-column is-vertically-aligned-center is-layout-flow wp-block-column-is-layout-flow\" style=\"padding-top:1em;padding-right:1em;padding-bottom:1em;padding-left:1em\">\n<div class=\"wp-block-columns is-layout-flex wp-container-core-columns-layout-3 wp-block-columns-is-layout-flex\">\n<div class=\"wp-block-column is-layout-flow wp-block-column-is-layout-flow\" style=\"flex-basis:400px\">\n<h2 class=\"wp-block-heading\">Aufmerksamkeiten &amp; Services <\/h2>\n\n\n\n<ul>\n<li>ruhige Lage <\/li>\n\n\n\n<li>selbstgemachte Marmelade zur Begr\u00fc\u00dfung im Apartment<\/li>\n\n\n\n<li>Parkm\u00f6glichkeiten <\/li>\n\n\n\n<li>E-Auto Ladestation am Hof<\/li>\n\n\n\n<li>Fahrradunterstellplatz mit Ladestation f\u00fcr E-Bikes<\/li>\n<\/ul>\n<\/div>\n<\/div>\n<\/div>\n\n\n\n<div class=\"wp-block-column is-layout-flow wp-block-column-is-layout-flow\" style=\"flex-basis:50%\">\n<div class=\"wp-block-cover is-light\" style=\"min-height:371px\"><span aria-hidden=\"true\" class=\"wp-block-cover__background has-background-dim-40 has-background-dim\" style=\"background-color:#f6f6f6\"><\/span><div class=\"wp-block-cover__inner-container is-layout-flow wp-block-cover-is-layout-flow\"><div class=\"wp-block-image\">\n<figure class=\"aligncenter size-large\"><img loading=\"lazy\" decoding=\"async\" width=\"1024\" height=\"683\" src=\"http:\/\/stannahof.at\/wp-content\/uploads\/2023\/05\/DSC4297-2-1024x683.jpeg\" alt=\"\" class=\"wp-image-1180\" srcset=\"http:\/\/stannahof.at\/wp-content\/uploads\/2023\/05\/DSC4297-2-1024x683.jpeg 1024w, http:\/\/stannahof.at\/wp-content\/uploads\/2023\/05\/DSC4297-2-300x200.jpeg 300w, http:\/\/stannahof.at\/wp-content\/uploads\/2023\/05\/DSC4297-2-768x512.jpeg 768w, http:\/\/stannahof.at\/wp-content\/uploads\/2023\/05\/DSC4297-2-1536x1024.jpeg 1536w, http:\/\/stannahof.at\/wp-content\/uploads\/2023\/05\/DSC4297-2-2048x1365.jpeg 2048w, http:\/\/stannahof.at\/wp-content\/uploads\/2023\/05\/DSC4297-2-1140x760.jpeg 1140w\" sizes=\"(max-width: 1024px) 100vw, 1024px\" \/><\/figure><\/div><\/div><\/div>\n<\/div>\n<\/div>\n","protected":false},"excerpt":{"rendered":"<p>Ausstattung im Apartment Aufmerksamkeiten &amp; Services<\/p>\n","protected":false},"author":2,"featured_media":0,"parent":0,"menu_order":0,"comment_status":"closed","ping_status":"closed","template":"","meta":{"footnotes":""},"jetpack_sharing_enabled":true,"_links":{"self":[{"href":"http:\/\/stannahof.at\/index.php\/wp-json\/wp\/v2\/pages\/1172"}],"collection":[{"href":"http:\/\/stannahof.at\/index.php\/wp-json\/wp\/v2\/pages"}],"about":[{"href":"http:\/\/stannahof.at\/index.php\/wp-json\/wp\/v2\/types\/page"}],"author":[{"embeddable":true,"href":"http:\/\/stannahof.at\/index.php\/wp-json\/wp\/v2\/users\/2"}],"replies":[{"embeddable":true,"href":"http:\/\/stannahof.at\/index.php\/wp-json\/wp\/v2\/comments?post=1172"}],"version-history":[{"count":13,"href":"http:\/\/stannahof.at\/index.php\/wp-json\/wp\/v2\/pages\/1172\/revisions"}],"predecessor-version":[{"id":1464,"href":"http:\/\/stannahof.at\/index.php\/wp-json\/wp\/v2\/pages\/1172\/revisions\/1464"}],"wp:attachment":[{"href":"http:\/\/stannahof.at\/index.php\/wp-json\/wp\/v2\/media?parent=1172"}],"curies":[{"name":"wp","href":"https:\/\/api.w.org\/{rel}","templated":true}]}}